{"id":2,"date":"2016-04-07T21:23:11","date_gmt":"2016-04-07T21:23:11","guid":{"rendered":"http:\/\/neu.oliverfrei.de\/?page_id=2"},"modified":"2016-04-08T06:58:26","modified_gmt":"2016-04-08T06:58:26","slug":"cv","status":"publish","type":"page","link":"https:\/\/www.oliverfrei.de\/","title":{"rendered":"Curriculum Vitae"},"content":{"rendered":"<p><img loading=\"lazy\" decoding=\"async\" class=\"alignnone size-medium wp-image-37\" style=\"float: left; margin-right: 10px;\" src=\"http:\/\/neu.oliverfrei.de\/wp-content\/uploads\/2016\/04\/OliverFrei-209x300.jpg\" alt=\"OliverFrei\" width=\"209\" height=\"300\" srcset=\"https:\/\/www.oliverfrei.de\/wp-content\/uploads\/2016\/04\/OliverFrei-209x300.jpg 209w, https:\/\/www.oliverfrei.de\/wp-content\/uploads\/2016\/04\/OliverFrei.jpg 467w\" sizes=\"auto, (max-width: 209px) 100vw, 209px\" \/><\/p>\n<p>Geboren 1969 in Hamburg. Nach dem Abitur studierte er Systematische Musikwissenschaft und Ethno\u00adlogie mit den Schwerpunkten Ethnomusikologie und Klangfarbenforschung bei Prof. Dr. Albrecht Schnei\u00adder an der Universit\u00e4t Hamburg. Zeitgleich war er intensiv als Musiker, Komponist und Arrangeur \u00fcberwiegend in der Popmusikbranche t\u00e4tig und tourte u.a. mit den Lovekrauts, Tex Hindenburg und der South Indian Tea Company. Ab 1996 begann er sich zus\u00e4tzlich intensiv mit Neuer Musik auseinanderzu\u00adsetzen und auch in diesem Genre kompositorisch aktiv zu werden. Dieses resultierte in einem Kontakt\u00adstudium \u0084\u201cNeue Kompositionstechniken\u201c\u0093 an der Hochschule f\u00fcr Musik und Theater Hamburg bei Prof. Rainer Hecht und Prof. Helmut Erdmann. Sein Schwerpunkt liegt im Bereich interaktiver Musik und Installationen. Er arbeitete diesbez\u00fcglich u.a. mit international renommierten K\u00fcnstlern wie Jos Zwaanenburg, Janice Jackson, Friedrich Gauwerky und Frances Lynch zusammen. Seine Werke wurden \u00fcber Deutschland hinaus auch in England, Kanada und den Niederlanden aufgef\u00fchrt. Er komponierte u.a. f\u00fcr gro\u00dfe Veranstaltungen wie z.B. die 20. Effi-Verleihung oder die Kadus-Promotion-Tour 2000\/01, verschiedene Theater-, Film- und Fernsehproduktionen.<\/p>\n<p>Im Anschluss an die bisher genannten Studienleistungen absolvierte er &#8211; parallel zu seinen musischen Aktivit\u00e4ten &#8211; ein Informatikstudium an der Universit\u00e4t Hamburg mit dem Schwerpunkt Intelligente Systeme &#8211; Robotik. Als Diplomarbeit entwickelte er ein System, durch das tanzende Roboter autonom choreographieren k\u00f6nnen.<\/p>\n<p>2002 wurde er an der Hochschule f\u00fcr Musik und Theater Hamburg als Entwickler und\/oder Projektma\u00adnager diverser eLearning-Produkte wie die Entwicklung einer Komponistinnen-Datenbank, eines Web\u00adcast-Senders, einer Formenlehreplattform und einem internationalen Online Repository f\u00fcr musik\u00adtheoretische Themen in Zusammenarbeit mit der UC Berkeley und der NorthEastern University in Boston eingestellt, wovon eines in den Kreis der f\u00fcnf bestgelungenen eLearning-Tools (aller Hamburger Hoch\u00adschulen) gew\u00e4hlt wurde. Zeitgleich begann er mit der Vernetzung der HfMT Hamburg. Seit 2004 hat er eine feste Stelle an der HfMT Hamburg f\u00fcr die Betreuung und Gestaltung der IT-Infrastruktur sowie die Leitung des Webcasts und unterrichtet im Rahmen des Multimedia Master Studienganges &#8222;Sensorik f\u00fcr interaktive Installationen&#8220;, &#8222;Neuronale Netze&#8220; sowie div. Programmiersprachen. Seit 2007 leitet er die mittlerweile mehrk\u00f6pfige IT-Abteilung der Hochschule.<\/p>\n<p>Von 2011 bis 2015 war er Dozent f\u00fcr Musiktheorie, Komposition, Arrangement, Geh\u00f6rbildung und Bandtraining an der S\u00e4ngerakademie Hamburg f\u00fcr den Popularmusikstudiengang und wurde dar\u00fcber hinaus ab 2013 Koordinator des Popularmusikstudiengangs.<\/p>\n","protected":false},"excerpt":{"rendered":"<p>Geboren 1969 in Hamburg. Nach dem Abitur studierte er Systematische Musikwissenschaft und Ethno\u00adlogie mit den Schwerpunkten Ethnomusikologie und Klangfarbenforschung bei Prof. Dr. Albrecht Schnei\u00adder an der Universit\u00e4t Hamburg. Zeitgleich war er intensiv als Musiker, Komponist und Arrangeur \u00fcberwiegend in der Popmusikbranche t\u00e4tig und tourte u.a. mit den Lovekrauts, Tex Hindenburg und der South Indian Tea &hellip; <a href=\"https:\/\/www.oliverfrei.de\/\" class=\"more-link\"><span class=\"screen-reader-text\">Curriculum Vitae<\/span> weiterlesen <span class=\"meta-nav\">&rarr;<\/span><\/a><\/p>\n","protected":false},"author":1,"featured_media":0,"parent":0,"menu_order":0,"comment_status":"closed","ping_status":"open","template":"","meta":{"footnotes":""},"class_list":["post-2","page","type-page","status-publish","hentry"],"_links":{"self":[{"href":"https:\/\/www.oliverfrei.de\/index.php\/wp-json\/wp\/v2\/pages\/2","targetHints":{"allow":["GET"]}}],"collection":[{"href":"https:\/\/www.oliverfrei.de\/index.php\/wp-json\/wp\/v2\/pages"}],"about":[{"href":"https:\/\/www.oliverfrei.de\/index.php\/wp-json\/wp\/v2\/types\/page"}],"author":[{"embeddable":true,"href":"https:\/\/www.oliverfrei.de\/index.php\/wp-json\/wp\/v2\/users\/1"}],"replies":[{"embeddable":true,"href":"https:\/\/www.oliverfrei.de\/index.php\/wp-json\/wp\/v2\/comments?post=2"}],"version-history":[{"count":9,"href":"https:\/\/www.oliverfrei.de\/index.php\/wp-json\/wp\/v2\/pages\/2\/revisions"}],"predecessor-version":[{"id":42,"href":"https:\/\/www.oliverfrei.de\/index.php\/wp-json\/wp\/v2\/pages\/2\/revisions\/42"}],"wp:attachment":[{"href":"https:\/\/www.oliverfrei.de\/index.php\/wp-json\/wp\/v2\/media?parent=2"}],"curies":[{"name":"wp","href":"https:\/\/api.w.org\/{rel}","templated":true}]}}