{"id":11,"date":"2016-04-07T21:46:23","date_gmt":"2016-04-07T21:46:23","guid":{"rendered":"http:\/\/neu.oliverfrei.de\/?page_id=11"},"modified":"2016-04-08T07:16:53","modified_gmt":"2016-04-08T07:16:53","slug":"martino-ensemble","status":"publish","type":"page","link":"https:\/\/www.oliverfrei.de\/index.php\/martino-ensemble\/","title":{"rendered":"Martino-Ensemble"},"content":{"rendered":"<p>Gianmarco Martino und sein akustisches Ensemble (kurz: Martino-Ensemble) verk\u00f6rpern ein sehr spannendes musikalisches Konzept. Sie haben sich auf die traditionelle Musik des italienischen S\u00fcdens spezialisiert und bringen diese in einer sehr ansprechenden Form ihrem Publikum nahe.<\/p>\n<p>Gianmarco erz\u00e4hlt zu jedem St\u00fcck Wissenswertes zum kulturhistorischen Hintergrund und fasst den Inhalt der Texte jeweils zusammen, so dass auch Nichtkenner der S\u00fcditalienischen Dialekte die Lieder verstehen und nachvollziehen k\u00f6nnen. Seit mehreren Jahren tritt er nun schon mit unterschiedlichen Besetzungen auf.<\/p>\n<p>Die Arrangements stammen alle aus meiner Feder. Dabei versuche ich einerseits den traditionellen Charakter zu erhalten, andererseits aber auch durch vorsichtig eingesetzte Mittel wie z.B. die Reharmonisation oder au\u00dfergew\u00f6hnliche oder sogar zeitgen\u00f6ssische Spieltechniken einen moderneren Charakter zu erwecken. Wer Interesse hat, sehe sich auf der Seite des Ensembles (<a href=\"http:\/\/www.martino-ensemble.com\" target=\"_blank\">http:\/\/www.martino-ensemble.com<\/a>) um.<\/p>\n","protected":false},"excerpt":{"rendered":"<p>Gianmarco Martino und sein akustisches Ensemble (kurz: Martino-Ensemble) verk\u00f6rpern ein sehr spannendes musikalisches Konzept. Sie haben sich auf die traditionelle Musik des italienischen S\u00fcdens spezialisiert und bringen diese in einer sehr ansprechenden Form ihrem Publikum nahe. Gianmarco erz\u00e4hlt zu jedem St\u00fcck Wissenswertes zum kulturhistorischen Hintergrund und fasst den Inhalt der Texte jeweils zusammen, so dass &hellip; <a href=\"https:\/\/www.oliverfrei.de\/index.php\/martino-ensemble\/\" class=\"more-link\"><span class=\"screen-reader-text\">Martino-Ensemble<\/span> weiterlesen <span class=\"meta-nav\">&rarr;<\/span><\/a><\/p>\n","protected":false},"author":1,"featured_media":0,"parent":0,"menu_order":0,"comment_status":"closed","ping_status":"closed","template":"","meta":{"footnotes":""},"class_list":["post-11","page","type-page","status-publish","hentry"],"_links":{"self":[{"href":"https:\/\/www.oliverfrei.de\/index.php\/wp-json\/wp\/v2\/pages\/11","targetHints":{"allow":["GET"]}}],"collection":[{"href":"https:\/\/www.oliverfrei.de\/index.php\/wp-json\/wp\/v2\/pages"}],"about":[{"href":"https:\/\/www.oliverfrei.de\/index.php\/wp-json\/wp\/v2\/types\/page"}],"author":[{"embeddable":true,"href":"https:\/\/www.oliverfrei.de\/index.php\/wp-json\/wp\/v2\/users\/1"}],"replies":[{"embeddable":true,"href":"https:\/\/www.oliverfrei.de\/index.php\/wp-json\/wp\/v2\/comments?post=11"}],"version-history":[{"count":7,"href":"https:\/\/www.oliverfrei.de\/index.php\/wp-json\/wp\/v2\/pages\/11\/revisions"}],"predecessor-version":[{"id":48,"href":"https:\/\/www.oliverfrei.de\/index.php\/wp-json\/wp\/v2\/pages\/11\/revisions\/48"}],"wp:attachment":[{"href":"https:\/\/www.oliverfrei.de\/index.php\/wp-json\/wp\/v2\/media?parent=11"}],"curies":[{"name":"wp","href":"https:\/\/api.w.org\/{rel}","templated":true}]}}